{"id":998,"date":"2016-05-26T10:33:19","date_gmt":"2016-05-26T10:33:19","guid":{"rendered":"http:\/\/www.eri-tech.com\/?post_type=product&#038;p=998"},"modified":"2020-06-01T06:56:19","modified_gmt":"2020-06-01T06:56:19","slug":"smd-capacitor","status":"publish","type":"product","link":"https:\/\/www.eri-tech.com\/es\/product\/smd-capacitor\/","title":{"rendered":"Condensador SMD MLCC"},"content":{"rendered":"<p><strong>C\u00d3DIGO DE SERIE<\/strong><\/p>\n<p>Condensadores Cer\u00e1micos Multicapa<\/p>\n<p><strong>SIZE CODE<\/strong><\/p>\n<p><img decoding=\"async\" src=\"http:\/\/www.eri-tech.com\/wp-content\/uploads\/2016\/05\/1.jpg\" alt=\"MLCC size\" \/><\/p>\n<p><strong>DIELECTRIC CODE<\/strong><\/p>\n<p><img decoding=\"async\" src=\"http:\/\/www.eri-tech.com\/wp-content\/uploads\/2016\/05\/MLCC-COG.jpg\" \/><\/p>\n<p>Necesita m\u00e1s informaci\u00f3n, no dude en contactarnos por correo electr\u00f3nico.<\/p>","protected":false},"excerpt":{"rendered":"<ul>\n<li>Achieves large-capacity and small size in a multilayer structure<\/li>\n<li>Sn plating is applied to external electrodes: excellent solderability<\/li>\n<li>High reliability with polarity<\/li>\n<li>Have wild range of products<\/li>\n<li>Size: 0402, 0603, 0805, 1206, 1210, 1808, 1812, 1825, 2520.<\/li>\n<li>Dielectric: COG(NPO), X5R,X7R, Y5V<\/li>\n<li>Tolerance: 1%,5% ,10%,20%<\/li>\n<li>Operating temperature: -55\u00b0C ~ +125\u00b0C<\/li>\n<\/ul>\n","protected":false},"featured_media":2698,"template":"","meta":{"nf_dc_page":""},"product_brand":[],"product_cat":[37,36],"product_tag":[],"class_list":{"0":"post-998","1":"product","2":"type-product","3":"status-publish","4":"has-post-thumbnail","6":"product_cat-capacitor","7":"product_cat-electronic-components","9":"first","10":"instock","11":"shipping-taxable","12":"product-type-simple"},"aioseo_notices":[],"_links":{"self":[{"href":"https:\/\/www.eri-tech.com\/es\/wp-json\/wp\/v2\/product\/998","targetHints":{"allow":["GET"]}}],"collection":[{"href":"https:\/\/www.eri-tech.com\/es\/wp-json\/wp\/v2\/product"}],"about":[{"href":"https:\/\/www.eri-tech.com\/es\/wp-json\/wp\/v2\/types\/product"}],"wp:featuredmedia":[{"embeddable":true,"href":"https:\/\/www.eri-tech.com\/es\/wp-json\/wp\/v2\/media\/2698"}],"wp:attachment":[{"href":"https:\/\/www.eri-tech.com\/es\/wp-json\/wp\/v2\/media?parent=998"}],"wp:term":[{"taxonomy":"product_brand","embeddable":true,"href":"https:\/\/www.eri-tech.com\/es\/wp-json\/wp\/v2\/product_brand?post=998"},{"taxonomy":"product_cat","embeddable":true,"href":"https:\/\/www.eri-tech.com\/es\/wp-json\/wp\/v2\/product_cat?post=998"},{"taxonomy":"product_tag","embeddable":true,"href":"https:\/\/www.eri-tech.com\/es\/wp-json\/wp\/v2\/product_tag?post=998"}],"curies":[{"name":"wp","href":"https:\/\/api.w.org\/{rel}","templated":true}]}}