{"id":997,"date":"2016-05-26T10:30:52","date_gmt":"2016-05-26T10:30:52","guid":{"rendered":"http:\/\/www.eri-tech.com\/?post_type=product&#038;p=997"},"modified":"2020-06-01T07:49:38","modified_gmt":"2020-06-01T07:49:38","slug":"smd-resistor","status":"publish","type":"product","link":"https:\/\/www.eri-tech.com\/es\/product\/smd-resistor\/","title":{"rendered":"Resistores de chip de pel\u00edcula gruesa"},"content":{"rendered":"<p><strong>Nombre de parte Chip Serie com\u00fan<\/strong><\/p>\n<p>01005\/0201\/0402\/0603\/0805\/1206\/1210\/1812\/2010\/2512<\/p>\n<p><strong>1.Alcance<\/strong><\/p>\n<p>1.1 Esta especificaci\u00f3n para aprobaci\u00f3n se refiere a las resistencias de chip de pel\u00edcula gruesa fabricadas por UNI-ROYAL.<br \/>\n1.2 No existe terminal de plomo de resistencias, y el plomo que existe en el vidrio de la capa de resistencia cumple con la exenci\u00f3n de ROHS.<br \/>\n1.3 Tama\u00f1o peque\u00f1o y peso liviano \uff1b Adecuado tanto para soldadura por onda como por reflujo.<\/p>\n<p><strong>2.Explicaci\u00f3n del sistema de n\u00famero de pieza<\/strong><\/p>\n<p><img decoding=\"async\" src=\"http:\/\/www.eri-tech.com\/wp-content\/uploads\/2016\/05\/chip-resistor.jpg\" alt=\"chip resistor\" \/><\/p>\n<p>&nbsp;<\/p>\n<p><strong>3.Procedimiento de pedido<\/strong><\/p>\n<p><img decoding=\"async\" src=\"http:\/\/www.eri-tech.com\/wp-content\/uploads\/2016\/05\/smd-resistor.jpg\" alt=\"smd resistor\" \/><\/p>\n<p>Necesita m\u00e1s informaci\u00f3n, no dude en contactarnos.<\/p>","protected":false},"excerpt":{"rendered":"<ul>\n<li>Power rating of 1\/16W,1\/10W,1\/8W,1\/4W,1\/2W and so on..<\/li>\n<li>Size: 0402, 0603, 0805, 1206, 1210, 1812, 2010, 2512, 0210, 4D02, 4D03<\/li>\n<li>High accuracy tolerances to \u00b10.1%, \u00b11%, \u00b15%, \u00b110%, \u00b120%<\/li>\n<li>Operating Temperature:<\/li>\n<li>Highly reliable chip resistor Ruthenium oxide dielectric offers superior resistance to the elements.<\/li>\n<li>Leading the world in development and mass production.<\/li>\n<li>ROHM resistors have approved ISO9001- \/ ISO\/TS 16949- certification.<\/li>\n<\/ul>\n<p>Since start of production in 1976 (first in the wold), this component has established a solid reputation as a general\u2013purpose SMD resistor.<\/p>\n","protected":false},"featured_media":2705,"template":"","meta":{"nf_dc_page":""},"product_brand":[],"product_cat":[36,38],"product_tag":[],"class_list":{"0":"post-997","1":"product","2":"type-product","3":"status-publish","4":"has-post-thumbnail","6":"product_cat-electronic-components","7":"product_cat-resistor","9":"first","10":"instock","11":"shipping-taxable","12":"product-type-simple"},"aioseo_notices":[],"_links":{"self":[{"href":"https:\/\/www.eri-tech.com\/es\/wp-json\/wp\/v2\/product\/997","targetHints":{"allow":["GET"]}}],"collection":[{"href":"https:\/\/www.eri-tech.com\/es\/wp-json\/wp\/v2\/product"}],"about":[{"href":"https:\/\/www.eri-tech.com\/es\/wp-json\/wp\/v2\/types\/product"}],"wp:featuredmedia":[{"embeddable":true,"href":"https:\/\/www.eri-tech.com\/es\/wp-json\/wp\/v2\/media\/2705"}],"wp:attachment":[{"href":"https:\/\/www.eri-tech.com\/es\/wp-json\/wp\/v2\/media?parent=997"}],"wp:term":[{"taxonomy":"product_brand","embeddable":true,"href":"https:\/\/www.eri-tech.com\/es\/wp-json\/wp\/v2\/product_brand?post=997"},{"taxonomy":"product_cat","embeddable":true,"href":"https:\/\/www.eri-tech.com\/es\/wp-json\/wp\/v2\/product_cat?post=997"},{"taxonomy":"product_tag","embeddable":true,"href":"https:\/\/www.eri-tech.com\/es\/wp-json\/wp\/v2\/product_tag?post=997"}],"curies":[{"name":"wp","href":"https:\/\/api.w.org\/{rel}","templated":true}]}}