{"id":996,"date":"2016-05-26T10:28:34","date_gmt":"2016-05-26T10:28:34","guid":{"rendered":"http:\/\/www.eri-tech.com\/?post_type=product&#038;p=996"},"modified":"2020-06-01T07:52:47","modified_gmt":"2020-06-01T07:52:47","slug":"film-resistor","status":"publish","type":"product","link":"https:\/\/www.eri-tech.com\/es\/product\/film-resistor\/","title":{"rendered":"Resistencia de pel\u00edcula de carbono"},"content":{"rendered":"<p>*Rendimiento estable, resistencia extensa, tama\u00f1o peque\u00f1o, alta temperatura de operaci\u00f3n y alto voltaje final<br \/>\n*Carga de pulso altamente adaptable, buen rendimiento de alta frecuencia<br \/>\n*Temperatura ambiente de funcionamiento: -55 \u2103 ~ + 125 \u2103<br \/>\n*La superficie no es inflamable, el revestimiento de tama\u00f1o normal es rojo ladrillo y el revestimiento de tama\u00f1o peque\u00f1o es verde.<br \/>\n*Tolerancia de resistencia: \u00b1 2%, \u00b1 5%, \u00b1 10%<br \/>\n*Potencia del soporte (1 \/ 8W, 1 \/ 4W, 1 \/ 2W, 1W, 2W, 3W, 5W)<\/p>\n<p><a href=\"http:\/\/www.eri-tech.com\/wp-content\/uploads\/2016\/05\/KNP-1W-0.33R.jpg\"><img loading=\"lazy\" decoding=\"async\" class=\"alignnone size-full wp-image-1152\" src=\"http:\/\/www.eri-tech.com\/wp-content\/uploads\/2016\/05\/KNP-1W-0.33R.jpg\" alt=\"KNP 1W 0.33R\" width=\"1106\" height=\"666\" srcset=\"https:\/\/www.eri-tech.com\/wp-content\/uploads\/2016\/05\/KNP-1W-0.33R.jpg 1106w, https:\/\/www.eri-tech.com\/wp-content\/uploads\/2016\/05\/KNP-1W-0.33R-600x361.jpg 600w, https:\/\/www.eri-tech.com\/wp-content\/uploads\/2016\/05\/KNP-1W-0.33R-300x181.jpg 300w, https:\/\/www.eri-tech.com\/wp-content\/uploads\/2016\/05\/KNP-1W-0.33R-768x462.jpg 768w, https:\/\/www.eri-tech.com\/wp-content\/uploads\/2016\/05\/KNP-1W-0.33R-1024x617.jpg 1024w\" sizes=\"auto, (max-width: 1106px) 100vw, 1106px\" \/><\/a><br \/>\n<a href=\"http:\/\/www.eri-tech.com\/wp-content\/uploads\/2016\/05\/1W-10R.jpg\"><img loading=\"lazy\" decoding=\"async\" class=\"alignnone size-full wp-image-1154\" src=\"http:\/\/www.eri-tech.com\/wp-content\/uploads\/2016\/05\/1W-10R.jpg\" alt=\"1W 10R\" width=\"929\" height=\"647\" srcset=\"https:\/\/www.eri-tech.com\/wp-content\/uploads\/2016\/05\/1W-10R.jpg 929w, https:\/\/www.eri-tech.com\/wp-content\/uploads\/2016\/05\/1W-10R-600x418.jpg 600w, https:\/\/www.eri-tech.com\/wp-content\/uploads\/2016\/05\/1W-10R-300x209.jpg 300w, https:\/\/www.eri-tech.com\/wp-content\/uploads\/2016\/05\/1W-10R-768x535.jpg 768w\" sizes=\"auto, (max-width: 929px) 100vw, 929px\" \/><\/a><\/p>","protected":false},"excerpt":{"rendered":"<ul>\n<li>Stable performance, extensive resistance, small size,high operating temperature and high ultimate voltage<\/li>\n<li>Highly adaptive pulse load, good high frequency performance<\/li>\n<li>Operating ambient temperature: -55\u2103~ +125\u2103<\/li>\n<li>The surface is nonflammable, the normal size coating is brick red and the small size coating is green.<\/li>\n<li>Resistance tolerance:\u00b12%,\u00b15%,\u00b110%<\/li>\n<li>Stand Power(1\/8W,1\/4W,1\/2W,1W,2W,3W,5W)<\/li>\n<\/ul>\n","protected":false},"featured_media":1646,"template":"","meta":{"nf_dc_page":""},"product_brand":[],"product_cat":[36,38],"product_tag":[],"class_list":{"0":"post-996","1":"product","2":"type-product","3":"status-publish","4":"has-post-thumbnail","6":"product_cat-electronic-components","7":"product_cat-resistor","9":"first","10":"instock","11":"shipping-taxable","12":"product-type-simple"},"aioseo_notices":[],"_links":{"self":[{"href":"https:\/\/www.eri-tech.com\/es\/wp-json\/wp\/v2\/product\/996","targetHints":{"allow":["GET"]}}],"collection":[{"href":"https:\/\/www.eri-tech.com\/es\/wp-json\/wp\/v2\/product"}],"about":[{"href":"https:\/\/www.eri-tech.com\/es\/wp-json\/wp\/v2\/types\/product"}],"wp:featuredmedia":[{"embeddable":true,"href":"https:\/\/www.eri-tech.com\/es\/wp-json\/wp\/v2\/media\/1646"}],"wp:attachment":[{"href":"https:\/\/www.eri-tech.com\/es\/wp-json\/wp\/v2\/media?parent=996"}],"wp:term":[{"taxonomy":"product_brand","embeddable":true,"href":"https:\/\/www.eri-tech.com\/es\/wp-json\/wp\/v2\/product_brand?post=996"},{"taxonomy":"product_cat","embeddable":true,"href":"https:\/\/www.eri-tech.com\/es\/wp-json\/wp\/v2\/product_cat?post=996"},{"taxonomy":"product_tag","embeddable":true,"href":"https:\/\/www.eri-tech.com\/es\/wp-json\/wp\/v2\/product_tag?post=996"}],"curies":[{"name":"wp","href":"https:\/\/api.w.org\/{rel}","templated":true}]}}