{"id":2657,"date":"2020-04-20T09:09:39","date_gmt":"2020-04-20T09:09:39","guid":{"rendered":"http:\/\/www.eri-tech.com\/product\/hd-1080p-android-tv-set-top-box-with-latest-solution\/"},"modified":"2020-04-20T09:13:42","modified_gmt":"2020-04-20T09:13:42","slug":"hd-1080p-android-tv-set-top-box-with-latest-solution","status":"publish","type":"product","link":"https:\/\/www.eri-tech.com\/es\/product\/hd-1080p-android-tv-set-top-box-with-latest-solution\/","title":{"rendered":"Decodificador de TV Android HD 1080P con la \u00faltima soluci\u00f3n"},"content":{"rendered":"<p><strong>Informaci\u00f3n b\u00e1sica:<\/strong><\/p>\n<p>CPU: Amlogic S905X3 de 64 bits de cuatro n\u00facleos ARM\u00ae Cortex \u2122 A55<\/p>\n<p>GPU: procesador de GPU G31 \u2122 MP2<\/p>\n<p>Memoria: LPDDR3: 2 GB<\/p>\n<p>Flash \uff1a eMMC \uff1a 16GB<\/p>\n<p><strong>Puerto de E \/ S:<\/strong><\/p>\n<p>1 * HDMI (HDMI 2.1, compatible con HDMI CEC, HDR din\u00e1mico y salida de resoluci\u00f3n m\u00e1xima de 8Kx4K @ 24)<\/p>\n<p>1 * AV OUT (salida de definici\u00f3n est\u00e1ndar 480i \/ 576i)<\/p>\n<p>2 * USB (1 * USB 3.0; 1 * USB 2.0)<\/p>\n<p>1 * RJ45 (interfaz Ethernet; soporte 10 \/ 100M)<\/p>\n<p>1 * TARJETA TF (Soporte 4GB \/ 8GB \/ 16GB \/ 32GB \/ 64GB)<\/p>\n<p><strong>Poder:<\/strong> 5V 2A<\/p>\n<p><strong>SO<\/strong>: Android 9.0<\/p>\n<p><strong>Aplicaciones:<\/strong> descargue libremente desde Android Market \u3001 Amazon App Store, etc.<\/p>\n<p><strong>Soporte:<\/strong> Netflix, Hulu, Flixster, Youtube, etc.<\/p>\n<p>Por favor cont\u00e1ctenos para m\u00e1s informaci\u00f3n.<\/p>","protected":false},"excerpt":{"rendered":"<p>Informaci\u00f3n b\u00e1sica: CPU: Amlogic S905X3 de 64 bits de cuatro n\u00facleos ARM\u00ae Cortex \u2122 A55 GPU: procesador de GPU G31 \u2122 MP2 Memoria: LPDDR3: 2 GB Flash \uff1a eMMC \uff1a 16GB Puerto de E \/ S: 1 * HDMI (HDMI 2.1, compatible con HDMI CEC, HDR din\u00e1mico y salida de resoluci\u00f3n m\u00e1xima de 8Kx4K @ [&hellip;]<\/p>\n","protected":false},"featured_media":1540,"template":"","meta":{"nf_dc_page":""},"product_brand":[],"product_cat":[34],"product_tag":[],"class_list":{"0":"post-2657","1":"product","2":"type-product","3":"status-publish","4":"has-post-thumbnail","6":"product_cat-set-top-box","8":"first","9":"instock","10":"shipping-taxable","11":"product-type-simple"},"aioseo_notices":[],"_links":{"self":[{"href":"https:\/\/www.eri-tech.com\/es\/wp-json\/wp\/v2\/product\/2657","targetHints":{"allow":["GET"]}}],"collection":[{"href":"https:\/\/www.eri-tech.com\/es\/wp-json\/wp\/v2\/product"}],"about":[{"href":"https:\/\/www.eri-tech.com\/es\/wp-json\/wp\/v2\/types\/product"}],"wp:featuredmedia":[{"embeddable":true,"href":"https:\/\/www.eri-tech.com\/es\/wp-json\/wp\/v2\/media\/1540"}],"wp:attachment":[{"href":"https:\/\/www.eri-tech.com\/es\/wp-json\/wp\/v2\/media?parent=2657"}],"wp:term":[{"taxonomy":"product_brand","embeddable":true,"href":"https:\/\/www.eri-tech.com\/es\/wp-json\/wp\/v2\/product_brand?post=2657"},{"taxonomy":"product_cat","embeddable":true,"href":"https:\/\/www.eri-tech.com\/es\/wp-json\/wp\/v2\/product_cat?post=2657"},{"taxonomy":"product_tag","embeddable":true,"href":"https:\/\/www.eri-tech.com\/es\/wp-json\/wp\/v2\/product_tag?post=2657"}],"curies":[{"name":"wp","href":"https:\/\/api.w.org\/{rel}","templated":true}]}}