{"id":2650,"date":"2020-04-15T09:09:43","date_gmt":"2020-04-15T09:09:43","guid":{"rendered":"http:\/\/www.eri-tech.com\/product\/4k-quad-core-h-265-hevc-dvb-c-android-tv-hybrid-box\/"},"modified":"2020-04-15T09:18:50","modified_gmt":"2020-04-15T09:18:50","slug":"4k-quad-core-h-265-hevc-dvb-c-android-tv-hybrid-box","status":"publish","type":"product","link":"https:\/\/www.eri-tech.com\/es\/product\/4k-quad-core-h-265-hevc-dvb-c-android-tv-hybrid-box\/","title":{"rendered":"Caja h\u00edbrida 4K TV de cuatro n\u00facleos H.265 HEVC DVB C Android TV"},"content":{"rendered":"<p><strong>Informaci\u00f3n general:<\/strong><\/p>\n<p>SoC: Amlogic S905X3<\/p>\n<p>SO: Android \u2122 9.0 o superior<\/p>\n<p>CPU: ARM\u00ae Cortex \u2122 A55 de cuatro n\u00facleos<\/p>\n<p>GPU: G31 \u2122 MP2<\/p>\n<p>DRAM: DDR3 \/ 4 2GB (1G, 4GB opcional)<\/p>\n<p>Flash: eMMC 16GB (8GB, 32GB, 64GB opcional)<\/p>\n<p>WIFI: 802.11 a \/ b \/ g \/ n \/ ac, 2.4GHz \/ 5.0GHz (Opcional)<\/p>\n<p><strong>Panel trasero :<\/strong><\/p>\n<p>1 * HDMI 2.1 (compatible con HDMI CEC, HDR din\u00e1mico y salida de resoluci\u00f3n m\u00e1xima de 8Kx4K @ 24)<\/p>\n<p>1 * AV OUT (salida de definici\u00f3n est\u00e1ndar 480i \/ 576i)<\/p>\n<p>2 * USB (1 * USB 3.0; 1 * USB 2.0)<\/p>\n<p>1 * RJ45 (interfaz Ethernet; soporte 10 \/ 100M \/ 1000M opcional)<\/p>\n<p>1 * TARJETA TF (Soporte 4GB \/ 8GB \/ 16GB \/ 32GB \/ 64GB)<\/p>\n<p>1 * Alimentaci\u00f3n (DC5V 2A)<\/p>\n<p>1 * RF IN (DVB-C (est\u00e1ndar ITU-T J.83A \/ C)<\/p>\n<p><strong>Panel frontal:<\/strong><\/p>\n<p>1 * receptor IR<\/p>\n<p>1 * indicador LED<\/p>\n<p><strong>Informaci\u00f3n del sintonizador:<\/strong><\/p>\n<p>Rango de frecuencia: 111 ~ 862MHz<\/p>\n<p>Banda de frecuencia: 8 MHz<\/p>\n<p>Nivel de entrada: (64QAM) 40 ~ 80dB\u03bcV, (256QAM) 44 ~ 80dB\u03bcV<\/p>\n<p>Impedancia de entrada: 75\u03a9<\/p>\n<p>Demodulaci\u00f3n: 16QAM, 32QAM, 64QAM, 128QAM, 256QAM<\/p>","protected":false},"excerpt":{"rendered":"<p>Informaci\u00f3n general: SoC: Amlogic S905X3 SO: Android \u2122 9.0 o superior CPU: ARM\u00ae Cortex \u2122 A55 de cuatro n\u00facleos GPU: G31 \u2122 MP2 DRAM: DDR3 \/ 4 2GB (1G, 4GB opcional) Flash: eMMC 16GB (8GB, 32GB, 64GB opcional) WIFI: 802.11 a \/ b \/ g \/ n \/ ac, 2.4GHz \/ 5.0GHz (Opcional) Panel trasero [&hellip;]<\/p>\n","protected":false},"featured_media":2640,"template":"","meta":{"nf_dc_page":""},"product_brand":[],"product_cat":[62,34],"product_tag":[],"class_list":{"0":"post-2650","1":"product","2":"type-product","3":"status-publish","4":"has-post-thumbnail","6":"product_cat-dvb-cott","7":"product_cat-set-top-box","9":"first","10":"instock","11":"shipping-taxable","12":"product-type-simple"},"aioseo_notices":[],"_links":{"self":[{"href":"https:\/\/www.eri-tech.com\/es\/wp-json\/wp\/v2\/product\/2650","targetHints":{"allow":["GET"]}}],"collection":[{"href":"https:\/\/www.eri-tech.com\/es\/wp-json\/wp\/v2\/product"}],"about":[{"href":"https:\/\/www.eri-tech.com\/es\/wp-json\/wp\/v2\/types\/product"}],"wp:featuredmedia":[{"embeddable":true,"href":"https:\/\/www.eri-tech.com\/es\/wp-json\/wp\/v2\/media\/2640"}],"wp:attachment":[{"href":"https:\/\/www.eri-tech.com\/es\/wp-json\/wp\/v2\/media?parent=2650"}],"wp:term":[{"taxonomy":"product_brand","embeddable":true,"href":"https:\/\/www.eri-tech.com\/es\/wp-json\/wp\/v2\/product_brand?post=2650"},{"taxonomy":"product_cat","embeddable":true,"href":"https:\/\/www.eri-tech.com\/es\/wp-json\/wp\/v2\/product_cat?post=2650"},{"taxonomy":"product_tag","embeddable":true,"href":"https:\/\/www.eri-tech.com\/es\/wp-json\/wp\/v2\/product_tag?post=2650"}],"curies":[{"name":"wp","href":"https:\/\/api.w.org\/{rel}","templated":true}]}}