{"id":1460,"date":"2019-07-29T12:46:51","date_gmt":"2019-07-29T12:46:51","guid":{"rendered":"http:\/\/www.eri-tech.com\/?post_type=product&#038;p=1460"},"modified":"2020-04-21T09:58:23","modified_gmt":"2020-04-21T09:58:23","slug":"ott-tv-box-4k","status":"publish","type":"product","link":"https:\/\/www.eri-tech.com\/es\/product\/ott-tv-box-4k\/","title":{"rendered":"Android TV Media Box al admitir m\u00faltiples formatos de video"},"content":{"rendered":"<p><strong>Descripci\u00f3n del producto<\/strong><br \/>\nInformaci\u00f3n b\u00e1sica:<\/p>\n<p>CPU: Amlogic S905X3 de 64 bits de cuatro n\u00facleos ARM\u00ae Cortex \u2122 A55<\/p>\n<p>GPU: procesador de GPU G31 \u2122 MP2<\/p>\n<p>Memoria: LPDDR3: 2 GB<\/p>\n<p>Flash \uff1a eMMC \uff1a 16GB<\/p>\n<p><strong>Puerto de E \/ S:<\/strong><\/p>\n<p>1 * HDMI (HDMI 2.1, compatible con HDMI CEC, HDR din\u00e1mico y salida de resoluci\u00f3n m\u00e1xima de 8Kx4K @ 24)<\/p>\n<p>1 * AV OUT (salida de definici\u00f3n est\u00e1ndar 480i \/ 576i)<\/p>\n<p>2 * USB (1 * USB 3.0; 1 * USB 2.0)<\/p>\n<p>1 * RJ45 (interfaz Ethernet; soporte 10 \/ 100M)<\/p>\n<p>1 * TARJETA TF (Soporte 4GB \/ 8GB \/ 16GB \/ 32GB \/ 64GB)<\/p>\n<p><strong>Poder:<\/strong> 5V 2A<\/p>\n<p><strong>SO:<\/strong> Android 9.0<\/p>\n<p><strong>Aplicaciones:<\/strong> descargue libremente desde Android Market \u3001 Amazon App Store, etc.<\/p>\n<p><strong>Soporte:<\/strong> Netflix, Hulu, Flixster, Youtube, etc.<\/p>\n<p><strong>Por favor cont\u00e1ctenos para m\u00e1s informaci\u00f3n.<\/strong><\/p>","protected":false},"excerpt":{"rendered":"<p>Descripci\u00f3n del producto Informaci\u00f3n b\u00e1sica: CPU: Amlogic S905X3 de 64 bits de cuatro n\u00facleos ARM\u00ae Cortex \u2122 A55 GPU: procesador de GPU G31 \u2122 MP2 Memoria: LPDDR3: 2 GB Flash \uff1a eMMC \uff1a 16GB Puerto de E \/ S: 1 * HDMI (HDMI 2.1, compatible con HDMI CEC, HDR din\u00e1mico y salida de resoluci\u00f3n m\u00e1xima [&hellip;]<\/p>\n","protected":false},"featured_media":1660,"template":"","meta":{"nf_dc_page":""},"product_brand":[],"product_cat":[34],"product_tag":[],"class_list":{"0":"post-1460","1":"product","2":"type-product","3":"status-publish","4":"has-post-thumbnail","6":"product_cat-set-top-box","8":"first","9":"instock","10":"shipping-taxable","11":"product-type-simple"},"aioseo_notices":[],"_links":{"self":[{"href":"https:\/\/www.eri-tech.com\/es\/wp-json\/wp\/v2\/product\/1460","targetHints":{"allow":["GET"]}}],"collection":[{"href":"https:\/\/www.eri-tech.com\/es\/wp-json\/wp\/v2\/product"}],"about":[{"href":"https:\/\/www.eri-tech.com\/es\/wp-json\/wp\/v2\/types\/product"}],"wp:featuredmedia":[{"embeddable":true,"href":"https:\/\/www.eri-tech.com\/es\/wp-json\/wp\/v2\/media\/1660"}],"wp:attachment":[{"href":"https:\/\/www.eri-tech.com\/es\/wp-json\/wp\/v2\/media?parent=1460"}],"wp:term":[{"taxonomy":"product_brand","embeddable":true,"href":"https:\/\/www.eri-tech.com\/es\/wp-json\/wp\/v2\/product_brand?post=1460"},{"taxonomy":"product_cat","embeddable":true,"href":"https:\/\/www.eri-tech.com\/es\/wp-json\/wp\/v2\/product_cat?post=1460"},{"taxonomy":"product_tag","embeddable":true,"href":"https:\/\/www.eri-tech.com\/es\/wp-json\/wp\/v2\/product_tag?post=1460"}],"curies":[{"name":"wp","href":"https:\/\/api.w.org\/{rel}","templated":true}]}}