{"id":1144,"date":"2016-07-11T06:54:55","date_gmt":"2016-07-11T06:54:55","guid":{"rendered":"http:\/\/www.eri-tech.com\/?post_type=product&#038;p=1144"},"modified":"2022-07-27T06:15:05","modified_gmt":"2022-07-27T06:15:05","slug":"sip-network-capacitor","status":"publish","type":"product","link":"https:\/\/www.eri-tech.com\/es\/product\/sip-network-capacitor\/","title":{"rendered":"Condensador de red de sorbos"},"content":{"rendered":"<p>Aplicaci\u00f3n a electrodom\u00e9sticos y aparatos de comunicaci\u00f3n como TV en color, aire acondicionado, fax, etc.<br \/>\nPuede hacer cualquier valor para ti<br \/>\nTama\u00f1o est\u00e1ndar de la industria, miniaturizaci\u00f3n, estilo de ensamblaje de alta densidad = &#8220;font-family: arial, helvetica, sans-serif; font-size: 12px;&#8221;&gt;<br \/>\n200pcs \/ bolsa<\/p>\n<p><a href=\"http:\/\/www.eri-tech.com\/wp-content\/uploads\/2016\/07\/LPIC2138.jpg\"><img loading=\"lazy\" decoding=\"async\" class=\"size-full wp-image-1145\" src=\"http:\/\/www.eri-tech.com\/wp-content\/uploads\/2016\/07\/LPIC2138.jpg\" alt=\"SKEY\" width=\"2592\" height=\"1944\" \/><\/a><\/p>","protected":false},"excerpt":{"rendered":"<p>Aplicaci\u00f3n a electrodom\u00e9sticos y aparatos de comunicaci\u00f3n como TV en color, aire acondicionado, fax, etc. Puede hacer cualquier valor para ti Tama\u00f1o est\u00e1ndar de la industria, miniaturizaci\u00f3n, estilo de ensamblaje de alta densidad = &#8220;font-family: arial, helvetica, sans-serif; font-size: 12px;&#8221;&gt; 200pcs \/ bolsa<\/p>\n","protected":false},"featured_media":1630,"template":"","meta":{"nf_dc_page":""},"product_brand":[],"product_cat":[37,36],"product_tag":[],"class_list":{"0":"post-1144","1":"product","2":"type-product","3":"status-publish","4":"has-post-thumbnail","6":"product_cat-capacitor","7":"product_cat-electronic-components","9":"first","10":"instock","11":"shipping-taxable","12":"product-type-simple"},"aioseo_notices":[],"_links":{"self":[{"href":"https:\/\/www.eri-tech.com\/es\/wp-json\/wp\/v2\/product\/1144","targetHints":{"allow":["GET"]}}],"collection":[{"href":"https:\/\/www.eri-tech.com\/es\/wp-json\/wp\/v2\/product"}],"about":[{"href":"https:\/\/www.eri-tech.com\/es\/wp-json\/wp\/v2\/types\/product"}],"wp:featuredmedia":[{"embeddable":true,"href":"https:\/\/www.eri-tech.com\/es\/wp-json\/wp\/v2\/media\/1630"}],"wp:attachment":[{"href":"https:\/\/www.eri-tech.com\/es\/wp-json\/wp\/v2\/media?parent=1144"}],"wp:term":[{"taxonomy":"product_brand","embeddable":true,"href":"https:\/\/www.eri-tech.com\/es\/wp-json\/wp\/v2\/product_brand?post=1144"},{"taxonomy":"product_cat","embeddable":true,"href":"https:\/\/www.eri-tech.com\/es\/wp-json\/wp\/v2\/product_cat?post=1144"},{"taxonomy":"product_tag","embeddable":true,"href":"https:\/\/www.eri-tech.com\/es\/wp-json\/wp\/v2\/product_tag?post=1144"}],"curies":[{"name":"wp","href":"https:\/\/api.w.org\/{rel}","templated":true}]}}