{"id":1111,"date":"2016-07-05T07:40:34","date_gmt":"2016-07-05T07:40:34","guid":{"rendered":"http:\/\/www.eri-tech.com\/?post_type=product&#038;p=1111"},"modified":"2020-06-01T07:56:43","modified_gmt":"2020-06-01T07:56:43","slug":"cement-resistor","status":"publish","type":"product","link":"https:\/\/www.eri-tech.com\/es\/product\/cement-resistor\/","title":{"rendered":"Resistencia de cemento"},"content":{"rendered":"<p>RESISTENCIAS DE TIPO DE CEMENTO, ALAMBRE \uff06 PEL\u00cdCULA DE \u00d3XIDO DE METAL<br \/>\nTIPO EST\u00c1NDAR \uff082W 3W 5W 7W 10W &#8230;)<br \/>\n\u25cf <strong>CARACTER\u00cdSTICAS<\/strong><br \/>\n\u25ce BAJO RUIDO.<br \/>\n\u25ce LA AISLAMIENTO FULIY PUEDE SER USADA EN P.C.B.<br \/>\n\u25ce CAPACIDAD DE SOBRECARGA INSTANT\u00c1NEA, SIN CAMBIO ANUAL SOBRE EL VALOR DE RESISTENCIA.<br \/>\n\u25ce SUPER DISIPACI\u00d3N DE CALOR, PEQUE\u00d1O COEFICIENTE DE TEMPERATURA LINEAL.<br \/>\n\u25ce GAMA DE ALTA RESISTENCIA POR N\u00daCLEO DE CORTE DE PEL\u00cdCULA DE \u00d3XIDO DE METAL (1\u03a9-100K\u03a9).<br \/>\n<a href=\"http:\/\/www.eri-tech.com\/wp-content\/uploads\/2016\/07\/wirewound.png\"><img loading=\"lazy\" decoding=\"async\" class=\"alignnone size-full wp-image-1112\" src=\"http:\/\/www.eri-tech.com\/wp-content\/uploads\/2016\/07\/wirewound.png\" alt=\"wirewound\" width=\"712\" height=\"312\" srcset=\"https:\/\/www.eri-tech.com\/wp-content\/uploads\/2016\/07\/wirewound.png 712w, https:\/\/www.eri-tech.com\/wp-content\/uploads\/2016\/07\/wirewound-600x263.png 600w, https:\/\/www.eri-tech.com\/wp-content\/uploads\/2016\/07\/wirewound-300x131.png 300w\" sizes=\"auto, (max-width: 712px) 100vw, 712px\" \/><\/a><\/p>\n<p><a href=\"http:\/\/www.eri-tech.com\/wp-content\/uploads\/2016\/07\/oxide-film.png\"><img loading=\"lazy\" decoding=\"async\" class=\"alignnone size-full wp-image-1113\" src=\"http:\/\/www.eri-tech.com\/wp-content\/uploads\/2016\/07\/oxide-film.png\" alt=\"oxide film\" width=\"703\" height=\"338\" srcset=\"https:\/\/www.eri-tech.com\/wp-content\/uploads\/2016\/07\/oxide-film.png 703w, https:\/\/www.eri-tech.com\/wp-content\/uploads\/2016\/07\/oxide-film-600x288.png 600w, https:\/\/www.eri-tech.com\/wp-content\/uploads\/2016\/07\/oxide-film-300x144.png 300w\" sizes=\"auto, (max-width: 703px) 100vw, 703px\" \/><\/a><\/p>","protected":false},"excerpt":{"rendered":"<p>RESISTENCIAS DE TIPO DE CEMENTO, ALAMBRE \uff06 PEL\u00cdCULA DE \u00d3XIDO DE METAL TIPO EST\u00c1NDAR \uff082W 3W 5W 7W 10W &#8230;) \u25cf CARACTER\u00cdSTICAS \u25ce BAJO RUIDO. \u25ce LA AISLAMIENTO FULIY PUEDE SER USADA EN P.C.B. \u25ce CAPACIDAD DE SOBRECARGA INSTANT\u00c1NEA, SIN CAMBIO ANUAL SOBRE EL VALOR DE RESISTENCIA. \u25ce SUPER DISIPACI\u00d3N DE CALOR, PEQUE\u00d1O COEFICIENTE DE [&hellip;]<\/p>\n","protected":false},"featured_media":1631,"template":"","meta":{"nf_dc_page":""},"product_brand":[],"product_cat":[36,38],"product_tag":[],"class_list":{"0":"post-1111","1":"product","2":"type-product","3":"status-publish","4":"has-post-thumbnail","6":"product_cat-electronic-components","7":"product_cat-resistor","9":"first","10":"instock","11":"shipping-taxable","12":"product-type-simple"},"aioseo_notices":[],"_links":{"self":[{"href":"https:\/\/www.eri-tech.com\/es\/wp-json\/wp\/v2\/product\/1111","targetHints":{"allow":["GET"]}}],"collection":[{"href":"https:\/\/www.eri-tech.com\/es\/wp-json\/wp\/v2\/product"}],"about":[{"href":"https:\/\/www.eri-tech.com\/es\/wp-json\/wp\/v2\/types\/product"}],"wp:featuredmedia":[{"embeddable":true,"href":"https:\/\/www.eri-tech.com\/es\/wp-json\/wp\/v2\/media\/1631"}],"wp:attachment":[{"href":"https:\/\/www.eri-tech.com\/es\/wp-json\/wp\/v2\/media?parent=1111"}],"wp:term":[{"taxonomy":"product_brand","embeddable":true,"href":"https:\/\/www.eri-tech.com\/es\/wp-json\/wp\/v2\/product_brand?post=1111"},{"taxonomy":"product_cat","embeddable":true,"href":"https:\/\/www.eri-tech.com\/es\/wp-json\/wp\/v2\/product_cat?post=1111"},{"taxonomy":"product_tag","embeddable":true,"href":"https:\/\/www.eri-tech.com\/es\/wp-json\/wp\/v2\/product_tag?post=1111"}],"curies":[{"name":"wp","href":"https:\/\/api.w.org\/{rel}","templated":true}]}}