{"id":1088,"date":"2016-06-03T04:38:10","date_gmt":"2016-06-03T04:38:10","guid":{"rendered":"http:\/\/www.eri-tech.com\/?post_type=product&#038;p=1088"},"modified":"2020-05-15T02:21:33","modified_gmt":"2020-05-15T02:21:33","slug":"super-capacitor","status":"publish","type":"product","link":"https:\/\/www.eri-tech.com\/es\/product\/super-capacitor\/","title":{"rendered":"Bot\u00f3n Super Condensador"},"content":{"rendered":"<p>Serie completa para clientes<br \/>\nFecha de entrega r\u00e1pida<br \/>\nBuena calidad<br \/>\nTemperatura amplia<br \/>\nVoltaje: 2.5V ~ 6.3V<br \/>\nArt\u00edculo de marca y art\u00edculo nacional para elegir<br \/>\nA diferencia de las bater\u00edas, seguro y de alta confiabilidad sin contener sustancias activas y peligrosas.<br \/>\nA diferencia de las bater\u00edas, excelentes caracter\u00edsticas de carga y descarga sin reacciones qu\u00edmicas.<br \/>\nResponde a la temperatura de 260 \u2103 durante el vistazo de reflujo.<\/p>","protected":false},"excerpt":{"rendered":"<ul>\n<li>Full Series for customer<\/li>\n<li>Fast delivery date<\/li>\n<li>Good quality<\/li>\n<li>Brand item &amp; Domestic item for choice<\/li>\n<\/ul>\n","protected":false},"featured_media":1632,"template":"","meta":{"nf_dc_page":""},"product_brand":[],"product_cat":[37,36],"product_tag":[],"class_list":{"0":"post-1088","1":"product","2":"type-product","3":"status-publish","4":"has-post-thumbnail","6":"product_cat-capacitor","7":"product_cat-electronic-components","9":"first","10":"instock","11":"shipping-taxable","12":"product-type-simple"},"aioseo_notices":[],"_links":{"self":[{"href":"https:\/\/www.eri-tech.com\/es\/wp-json\/wp\/v2\/product\/1088","targetHints":{"allow":["GET"]}}],"collection":[{"href":"https:\/\/www.eri-tech.com\/es\/wp-json\/wp\/v2\/product"}],"about":[{"href":"https:\/\/www.eri-tech.com\/es\/wp-json\/wp\/v2\/types\/product"}],"wp:featuredmedia":[{"embeddable":true,"href":"https:\/\/www.eri-tech.com\/es\/wp-json\/wp\/v2\/media\/1632"}],"wp:attachment":[{"href":"https:\/\/www.eri-tech.com\/es\/wp-json\/wp\/v2\/media?parent=1088"}],"wp:term":[{"taxonomy":"product_brand","embeddable":true,"href":"https:\/\/www.eri-tech.com\/es\/wp-json\/wp\/v2\/product_brand?post=1088"},{"taxonomy":"product_cat","embeddable":true,"href":"https:\/\/www.eri-tech.com\/es\/wp-json\/wp\/v2\/product_cat?post=1088"},{"taxonomy":"product_tag","embeddable":true,"href":"https:\/\/www.eri-tech.com\/es\/wp-json\/wp\/v2\/product_tag?post=1088"}],"curies":[{"name":"wp","href":"https:\/\/api.w.org\/{rel}","templated":true}]}}