{"id":1074,"date":"2016-06-03T02:42:58","date_gmt":"2016-06-03T02:42:58","guid":{"rendered":"http:\/\/www.eri-tech.com\/?post_type=product&#038;p=1074"},"modified":"2020-05-15T02:42:59","modified_gmt":"2020-05-15T02:42:59","slug":"ceramic-capacitor","status":"publish","type":"product","link":"https:\/\/www.eri-tech.com\/es\/product\/ceramic-capacitor\/","title":{"rendered":"Condensadores axiales de cer\u00e1mica multicapa"},"content":{"rendered":"<p><\/p>\n<div>\n<p><strong>1 Alcance:<\/strong><\/p>\n<p>Esta especificaci\u00f3n se aplica a los condensadores cer\u00e1micos multicapa tipo plomado axial producidos por nuestra empresa para su uso en equipos electr\u00f3nicos de (nombre del cliente)<\/p>\n<p><strong>2. Standard \uff1a<\/strong><\/p>\n<p>\u300aEspecificaci\u00f3n detallada para componentes electr\u00f3nicos condensadores diel\u00e9ctricos cer\u00e1micos fijos CC42 Nivel de evaluaci\u00f3n E\u300b GBT5966-96<\/p>\n<p>\u300aEspecificaciones detalladas para componentes electr\u00f3nicos condensadores diel\u00e9ctricos cer\u00e1micos fijos CT42 Nivel de evaluaci\u00f3n E\u300b GBT5968-96<\/p>\n<p><strong>3.Clasificar \uff1a<\/strong><\/p>\n<p>CC42 \uff1a El material del diel\u00e9ctrico es: COG \u3001 NPO \uff08N\uff09\u3002<\/p>\n<p>CT42: El material del diel\u00e9ctrico es: X7R \uff08B\uff09 \u3001 Z5U \u3001 Y5V \uff08Y\uff09\u3002<\/p>\n<p><strong>4. Condiciones de prueba:<\/strong><\/p>\n<p>4.1 \uff1a Condici\u00f3n est\u00e1ndar \uff1a Si no hay una receta espec\u00edfica \uff0c La prueba se realizar\u00e1 de acuerdo con la condici\u00f3n est\u00e1ndar (Temperatura 15-35 \u2103; Humedad relativa 45-75%), Pero si hay alg\u00fan problema sujeto a la condici\u00f3n est\u00e1ndar o hay algunos requisitos espec\u00edficos Por favor, pruebe de acuerdo con 4.2<\/p>\n<p>4.2 \uff1a Condici\u00f3n fundamental \uff1a La temperatura es 20 \u2103; La humedad relativa es 60-70%; La presi\u00f3n atmosf\u00e9rica es 800-1060mbar\u3002<\/p>\n<p>4. M\u00e9todo de prueba:<\/p>\n<p>Cuando se probar\u00e1n los productos, para evitar el error del resultado, los condensadores deben colocarse a la temperatura que los condensadores deben probarse durante 30 minutos y descargarse completamente.<\/p>\n<p><a href=\"http:\/\/www.eri-tech.com\/wp-content\/uploads\/2016\/06\/package.jpg\"><img loading=\"lazy\" decoding=\"async\" class=\"alignnone size-full wp-image-1076\" src=\"http:\/\/www.eri-tech.com\/wp-content\/uploads\/2016\/06\/package.jpg\" alt=\"package\" width=\"628\" height=\"602\" srcset=\"https:\/\/www.eri-tech.com\/wp-content\/uploads\/2016\/06\/package.jpg 628w, https:\/\/www.eri-tech.com\/wp-content\/uploads\/2016\/06\/package-600x575.jpg 600w, https:\/\/www.eri-tech.com\/wp-content\/uploads\/2016\/06\/package-300x288.jpg 300w\" sizes=\"auto, (max-width: 628px) 100vw, 628px\" \/><\/a><\/p>\n<\/div>\n<p>&nbsp;<\/p>","protected":false},"excerpt":{"rendered":"<ul>\n<li>Capacitance:1nF~47uF<\/li>\n<li>Voltage:6.3V~100V<\/li>\n<li>Package:Taped &amp; Ammo<\/li>\n<li>Quick delivery time<\/li>\n<li>Full series for customer<\/li>\n<\/ul>\n","protected":false},"featured_media":1636,"template":"","meta":{"nf_dc_page":""},"product_brand":[],"product_cat":[37,36],"product_tag":[],"class_list":{"0":"post-1074","1":"product","2":"type-product","3":"status-publish","4":"has-post-thumbnail","6":"product_cat-capacitor","7":"product_cat-electronic-components","9":"first","10":"instock","11":"shipping-taxable","12":"product-type-simple"},"aioseo_notices":[],"_links":{"self":[{"href":"https:\/\/www.eri-tech.com\/es\/wp-json\/wp\/v2\/product\/1074","targetHints":{"allow":["GET"]}}],"collection":[{"href":"https:\/\/www.eri-tech.com\/es\/wp-json\/wp\/v2\/product"}],"about":[{"href":"https:\/\/www.eri-tech.com\/es\/wp-json\/wp\/v2\/types\/product"}],"wp:featuredmedia":[{"embeddable":true,"href":"https:\/\/www.eri-tech.com\/es\/wp-json\/wp\/v2\/media\/1636"}],"wp:attachment":[{"href":"https:\/\/www.eri-tech.com\/es\/wp-json\/wp\/v2\/media?parent=1074"}],"wp:term":[{"taxonomy":"product_brand","embeddable":true,"href":"https:\/\/www.eri-tech.com\/es\/wp-json\/wp\/v2\/product_brand?post=1074"},{"taxonomy":"product_cat","embeddable":true,"href":"https:\/\/www.eri-tech.com\/es\/wp-json\/wp\/v2\/product_cat?post=1074"},{"taxonomy":"product_tag","embeddable":true,"href":"https:\/\/www.eri-tech.com\/es\/wp-json\/wp\/v2\/product_tag?post=1074"}],"curies":[{"name":"wp","href":"https:\/\/api.w.org\/{rel}","templated":true}]}}