{"id":75,"date":"2014-12-09T10:44:58","date_gmt":"2014-12-09T10:44:58","guid":{"rendered":"http:\/\/localhost\/business4\/?page_id=75"},"modified":"2022-08-11T05:54:20","modified_gmt":"2022-08-11T05:54:20","slug":"about","status":"publish","type":"page","link":"https:\/\/www.eri-tech.com\/es\/about\/","title":{"rendered":"About Us"},"content":{"rendered":"<p>&nbsp;<\/p>\n<p><strong>Shenzhen ERI Electronics Limited es la empresa de alta tecnolog\u00eda.<\/strong><\/p>\n<p><strong>Desde 2009 hasta ahora, nos estamos especializando en todo tipo de componentes electr\u00f3nicos. En componentes electr\u00f3nicos tenemos muy buena fuente con buena calidad, buen precio. Podemos proporcionar al cliente no solo un solo art\u00edculo, sino tambi\u00e9n un servicio integral. &#8211; Orden de la lista de materiales, servicio OEM.<\/strong><\/p>\n<p><strong>A partir de 2014, establecemos nuestro equipo de decodificadores con hardware y software. Ahora proporcionamos principalmente DVB-C MPEG-2 \/ H.264 \/ H.265 SD \/ HD STB, Linux IPTV STB y Android TV box. Nuestro DVB- Las cajas C se han integrado con NSTV \/ ABV \/ Sumavision \/ Dexin\/ CTI normal \/ advanced security CAS \/ DRM. Somos flexibles con el suministro de CBU \/ SKD \/ CKD.<\/strong><\/p>\n<p style=\"text-align: center;\"><strong><em>ALMAC\u00c9N &#8211; Paquetes listos para ser enviados al extranjero<\/em><\/strong><\/p>\n<p style=\"text-align: center;\"><a href=\"https:\/\/www.eri-tech.com\/wp-content\/uploads\/2022\/08\/DVBC-scaled.jpg\"><img loading=\"lazy\" decoding=\"async\" class=\"wp-image-2905 alignnone\" src=\"https:\/\/www.eri-tech.com\/wp-content\/uploads\/2022\/08\/DVBC-300x201.jpg\" alt=\"\" width=\"342\" height=\"229\" srcset=\"https:\/\/www.eri-tech.com\/wp-content\/uploads\/2022\/08\/DVBC-300x201.jpg 300w, https:\/\/www.eri-tech.com\/wp-content\/uploads\/2022\/08\/DVBC-1024x687.jpg 1024w, https:\/\/www.eri-tech.com\/wp-content\/uploads\/2022\/08\/DVBC-768x516.jpg 768w, https:\/\/www.eri-tech.com\/wp-content\/uploads\/2022\/08\/DVBC-1536x1031.jpg 1536w, https:\/\/www.eri-tech.com\/wp-content\/uploads\/2022\/08\/DVBC-2048x1375.jpg 2048w, https:\/\/www.eri-tech.com\/wp-content\/uploads\/2022\/08\/DVBC-600x403.jpg 600w\" sizes=\"auto, (max-width: 342px) 100vw, 342px\" \/><\/a><a href=\"https:\/\/www.eri-tech.com\/wp-content\/uploads\/2022\/08\/ERI-office-2.jpg\"><img loading=\"lazy\" decoding=\"async\" class=\"alignnone  wp-image-2903\" src=\"https:\/\/www.eri-tech.com\/wp-content\/uploads\/2022\/08\/ERI-office-2-300x225.jpg\" alt=\"\" width=\"307\" height=\"230\" srcset=\"https:\/\/www.eri-tech.com\/wp-content\/uploads\/2022\/08\/ERI-office-2-300x225.jpg 300w, https:\/\/www.eri-tech.com\/wp-content\/uploads\/2022\/08\/ERI-office-2-1024x767.jpg 1024w, https:\/\/www.eri-tech.com\/wp-content\/uploads\/2022\/08\/ERI-office-2-768x575.jpg 768w, https:\/\/www.eri-tech.com\/wp-content\/uploads\/2022\/08\/ERI-office-2-1536x1150.jpg 1536w, https:\/\/www.eri-tech.com\/wp-content\/uploads\/2022\/08\/ERI-office-2-627x470.jpg 627w, https:\/\/www.eri-tech.com\/wp-content\/uploads\/2022\/08\/ERI-office-2-600x449.jpg 600w, https:\/\/www.eri-tech.com\/wp-content\/uploads\/2022\/08\/ERI-office-2.jpg 1704w\" sizes=\"auto, (max-width: 307px) 100vw, 307px\" \/><\/a><a href=\"https:\/\/www.eri-tech.com\/wp-content\/uploads\/2022\/08\/ERI-MEETING.jpg\"><img loading=\"lazy\" decoding=\"async\" class=\"wp-image-2904 aligncenter\" src=\"https:\/\/www.eri-tech.com\/wp-content\/uploads\/2022\/08\/ERI-MEETING-300x225.jpg\" alt=\"\" width=\"340\" height=\"255\" srcset=\"https:\/\/www.eri-tech.com\/wp-content\/uploads\/2022\/08\/ERI-MEETING-300x225.jpg 300w, https:\/\/www.eri-tech.com\/wp-content\/uploads\/2022\/08\/ERI-MEETING-1024x767.jpg 1024w, https:\/\/www.eri-tech.com\/wp-content\/uploads\/2022\/08\/ERI-MEETING-768x575.jpg 768w, https:\/\/www.eri-tech.com\/wp-content\/uploads\/2022\/08\/ERI-MEETING-1536x1150.jpg 1536w, https:\/\/www.eri-tech.com\/wp-content\/uploads\/2022\/08\/ERI-MEETING-627x470.jpg 627w, https:\/\/www.eri-tech.com\/wp-content\/uploads\/2022\/08\/ERI-MEETING-600x449.jpg 600w, https:\/\/www.eri-tech.com\/wp-content\/uploads\/2022\/08\/ERI-MEETING.jpg 1704w\" sizes=\"auto, (max-width: 340px) 100vw, 340px\" \/><\/a><\/p>\n","protected":false},"excerpt":{"rendered":"<p>&nbsp; Shenzhen ERI Electronics Limited es la empresa de alta tecnolog\u00eda. Desde 2009 hasta ahora, nos estamos especializando en todo tipo de componentes electr\u00f3nicos. En componentes electr\u00f3nicos tenemos muy buena fuente con buena calidad, buen precio. Podemos proporcionar al cliente no solo un solo art\u00edculo, sino tambi\u00e9n un servicio integral. &#8211; Orden de la lista [&hellip;]<\/p>\n","protected":false},"author":1,"featured_media":0,"parent":0,"menu_order":0,"comment_status":"closed","ping_status":"closed","template":"","meta":{"nf_dc_page":"","footnotes":""},"class_list":["post-75","page","type-page","status-publish","hentry"],"aioseo_notices":[],"_links":{"self":[{"href":"https:\/\/www.eri-tech.com\/es\/wp-json\/wp\/v2\/pages\/75","targetHints":{"allow":["GET"]}}],"collection":[{"href":"https:\/\/www.eri-tech.com\/es\/wp-json\/wp\/v2\/pages"}],"about":[{"href":"https:\/\/www.eri-tech.com\/es\/wp-json\/wp\/v2\/types\/page"}],"author":[{"embeddable":true,"href":"https:\/\/www.eri-tech.com\/es\/wp-json\/wp\/v2\/users\/1"}],"replies":[{"embeddable":true,"href":"https:\/\/www.eri-tech.com\/es\/wp-json\/wp\/v2\/comments?post=75"}],"version-history":[{"count":25,"href":"https:\/\/www.eri-tech.com\/es\/wp-json\/wp\/v2\/pages\/75\/revisions"}],"predecessor-version":[{"id":2911,"href":"https:\/\/www.eri-tech.com\/es\/wp-json\/wp\/v2\/pages\/75\/revisions\/2911"}],"wp:attachment":[{"href":"https:\/\/www.eri-tech.com\/es\/wp-json\/wp\/v2\/media?parent=75"}],"curies":[{"name":"wp","href":"https:\/\/api.w.org\/{rel}","templated":true}]}}